{"id":8732,"date":"2025-06-07T14:51:54","date_gmt":"2025-06-07T14:51:54","guid":{"rendered":"http:\/\/uniqueczechia.com\/domains\/uniqueczechia.com\/kontakt\/"},"modified":"2025-11-19T00:35:15","modified_gmt":"2025-11-19T00:35:15","slug":"kontakt","status":"publish","type":"page","link":"https:\/\/uniqueczechia.com\/de\/kontakt\/","title":{"rendered":"Kontakt"},"content":{"rendered":"\t\t<div data-elementor-type=\"wp-page\" data-elementor-id=\"8732\" class=\"elementor elementor-8732 elementor-31\">\n\t\t\t\t\t\t<section class=\"elementor-section elementor-top-section elementor-element elementor-element-ff79729 elementor-section-full_width elementor-section-height-default elementor-section-height-default\" data-id=\"ff79729\" data-element_type=\"section\">\n\t\t\t\t\t\t<div class=\"elementor-container elementor-column-gap-no\">\n\t\t\t\t\t<div class=\"elementor-column elementor-col-100 elementor-top-column elementor-element elementor-element-07bb308\" data-id=\"07bb308\" data-element_type=\"column\">\n\t\t\t<div class=\"elementor-widget-wrap elementor-element-populated\">\n\t\t\t\t\t\t<div class=\"elementor-element elementor-element-b67c9a8 elementor-widget elementor-widget-shortcode\" data-id=\"b67c9a8\" data-element_type=\"widget\" data-widget_type=\"shortcode.default\">\n\t\t\t\t<div class=\"elementor-widget-container\">\n\t\t\t\t\t\t\t<div class=\"elementor-shortcode\">\n<div class=\"wpcf7 no-js\" id=\"wpcf7-f8758-o1\" lang=\"en-US\" dir=\"ltr\" data-wpcf7-id=\"8758\">\n<div class=\"screen-reader-response\"><p role=\"status\" aria-live=\"polite\" aria-atomic=\"true\"><\/p> <ul><\/ul><\/div>\n<form action=\"\/de\/wp-json\/wp\/v2\/pages\/8732#wpcf7-f8758-o1\" method=\"post\" class=\"wpcf7-form init\" aria-label=\"Contact form\" novalidate=\"novalidate\" data-status=\"init\">\n<fieldset class=\"hidden-fields-container\"><input type=\"hidden\" name=\"_wpcf7\" value=\"8758\" \/><input type=\"hidden\" name=\"_wpcf7_version\" value=\"6.1.5\" \/><input type=\"hidden\" name=\"_wpcf7_locale\" value=\"en_US\" \/><input type=\"hidden\" name=\"_wpcf7_unit_tag\" value=\"wpcf7-f8758-o1\" \/><input type=\"hidden\" name=\"_wpcf7_container_post\" value=\"0\" \/><input type=\"hidden\" name=\"_wpcf7_posted_data_hash\" value=\"\" \/>\n<\/fieldset>\n<div class=\"container\">\n                <div class=\"contact-form-wrap\">\n                    <h4>Nehmen Sie gerne Kontakt mit uns auf  <\/h4>\n                    <p>Ihre E-Mail-Adresse wird nicht ver\u00f6ffentlicht. Erforderliche Felder sind markiert *<\/p>\n\n                    <div class=\"row\">\n                        <div class=\"col-lg-6\">\n                            <div class=\"custom-input-group\">\n                                <label for=\"name\">Ihr Name<\/label>\n                                <span class=\"wpcf7-form-control-wrap\" data-name=\"text-532\"><input size=\"40\" maxlength=\"400\" class=\"wpcf7-form-control wpcf7-text wpcf7-validates-as-required\" id=\"name\" aria-required=\"true\" aria-invalid=\"false\" placeholder=\"Ihr Name\" value=\"\" type=\"text\" name=\"text-532\" \/><\/span>\n                            <\/div>\n                        <\/div>\n                        <div class=\"col-lg-6\">\n                            <div class=\"custom-input-group\">\n                                <label for=\"email\">Email<\/label>\n                                <span class=\"wpcf7-form-control-wrap\" data-name=\"email-460\"><input size=\"40\" maxlength=\"400\" class=\"wpcf7-form-control wpcf7-email wpcf7-validates-as-required wpcf7-text wpcf7-validates-as-email\" id=\"email\" aria-required=\"true\" aria-invalid=\"false\" placeholder=\"Ihre E-Mail\" value=\"\" type=\"email\" name=\"email-460\" \/><\/span>\n                            <\/div>\n                        <\/div>\n                    <\/div>\n                    <div class=\"custom-input-group\">\n                        <span class=\"wpcf7-form-control-wrap\" data-name=\"textarea-844\"><textarea cols=\"40\" rows=\"10\" maxlength=\"2000\" class=\"wpcf7-form-control wpcf7-textarea wpcf7-validates-as-required\" aria-required=\"true\" aria-invalid=\"false\" placeholder=\"Ihre Nachricht\" name=\"textarea-844\"><\/textarea><\/span>\n                    <\/div>\n\n                    <div class=\"custom-input-group\">\n                       <div class=\"submite-btn\">\n                           <button type=\"submit\">Nachricht Senden<\/button>\n                       <\/div>\n                    <\/div>\n                <\/div>\n        <\/div><div class=\"wpcf7-response-output\" aria-hidden=\"true\"><\/div>\n<\/form>\n<\/div>\n<\/div>\n\t\t\t\t\t\t<\/div>\n\t\t\t\t<\/div>\n\t\t\t\t\t<\/div>\n\t\t<\/div>\n\t\t\t\t\t<\/div>\n\t\t<\/section>\n\t\t\t\t<section class=\"elementor-section elementor-top-section elementor-element elementor-element-775e15c elementor-section-full_width elementor-section-height-default elementor-section-height-default\" data-id=\"775e15c\" data-element_type=\"section\">\n\t\t\t\t\t\t<div class=\"elementor-container elementor-column-gap-no\">\n\t\t\t\t\t<div class=\"elementor-column elementor-col-100 elementor-top-column elementor-element elementor-element-e12c4db\" data-id=\"e12c4db\" data-element_type=\"column\">\n\t\t\t<div class=\"elementor-widget-wrap elementor-element-populated\">\n\t\t\t\t\t\t<div class=\"elementor-element elementor-element-bdd2bbb elementor-widget elementor-widget-google_maps\" data-id=\"bdd2bbb\" data-element_type=\"widget\" data-widget_type=\"google_maps.default\">\n\t\t\t\t<div class=\"elementor-widget-container\">\n\t\t\t\t\t\t\t<div class=\"elementor-custom-embed\">\n\t\t\t<iframe loading=\"lazy\"\n\t\t\t\t\tsrc=\"https:\/\/maps.google.com\/maps?q=Nedv%C4%9Bdovo%20n%C3%A1m%C4%9Bst%C3%AD%20145%2F2%2C%20147%2000%2C%20Praha%204%20-%20Podol%C3%AD&#038;t=m&#038;z=10&#038;output=embed&#038;iwloc=near\"\n\t\t\t\t\ttitle=\"Nedv\u011bdovo n\u00e1m\u011bst\u00ed 145\/2, 147 00, Praha 4 - Podol\u00ed\"\n\t\t\t\t\taria-label=\"Nedv\u011bdovo n\u00e1m\u011bst\u00ed 145\/2, 147 00, Praha 4 - Podol\u00ed\"\n\t\t\t><\/iframe>\n\t\t<\/div>\n\t\t\t\t\t\t<\/div>\n\t\t\t\t<\/div>\n\t\t\t\t\t<\/div>\n\t\t<\/div>\n\t\t\t\t\t<\/div>\n\t\t<\/section>\n\t\t\t\t<\/div>\n\t\t","protected":false},"excerpt":{"rendered":"","protected":false},"author":1,"featured_media":0,"parent":0,"menu_order":0,"comment_status":"closed","ping_status":"closed","template":"","meta":{"inline_featured_image":false,"footnotes":""},"class_list":["post-8732","page","type-page","status-publish","hentry"],"_links":{"self":[{"href":"https:\/\/uniqueczechia.com\/de\/wp-json\/wp\/v2\/pages\/8732","targetHints":{"allow":["GET"]}}],"collection":[{"href":"https:\/\/uniqueczechia.com\/de\/wp-json\/wp\/v2\/pages"}],"about":[{"href":"https:\/\/uniqueczechia.com\/de\/wp-json\/wp\/v2\/types\/page"}],"author":[{"embeddable":true,"href":"https:\/\/uniqueczechia.com\/de\/wp-json\/wp\/v2\/users\/1"}],"replies":[{"embeddable":true,"href":"https:\/\/uniqueczechia.com\/de\/wp-json\/wp\/v2\/comments?post=8732"}],"version-history":[{"count":10,"href":"https:\/\/uniqueczechia.com\/de\/wp-json\/wp\/v2\/pages\/8732\/revisions"}],"predecessor-version":[{"id":10465,"href":"https:\/\/uniqueczechia.com\/de\/wp-json\/wp\/v2\/pages\/8732\/revisions\/10465"}],"wp:attachment":[{"href":"https:\/\/uniqueczechia.com\/de\/wp-json\/wp\/v2\/media?parent=8732"}],"curies":[{"name":"wp","href":"https:\/\/api.w.org\/{rel}","templated":true}]}}